{"id":507,"date":"2024-03-22T14:54:58","date_gmt":"2024-03-22T14:54:58","guid":{"rendered":"https:\/\/my.temosod.hu\/login\/"},"modified":"2024-05-14T00:59:45","modified_gmt":"2024-05-14T00:59:45","slug":"login","status":"publish","type":"page","link":"https:\/\/temosod.hu\/en\/login\/","title":{"rendered":"Bel\u00e9p\u00e9s"},"content":{"rendered":"<div data-elementor-type=\"wp-page\" data-elementor-id=\"507\" class=\"elementor elementor-507\" data-elementor-post-type=\"page\">\n\t\t\t\t<div data-particle_enable=\"false\" data-particle-mobile-disabled=\"false\" class=\"elementor-element elementor-element-2a2294b e-con-full e-flex e-con e-parent\" data-id=\"2a2294b\" data-element_type=\"container\" data-settings=\"{&quot;background_background&quot;:&quot;classic&quot;}\">\n\t\t\t\t<div class=\"elementor-element elementor-element-7be7037 elementor-widget elementor-widget-text-editor\" data-id=\"7be7037\" data-element_type=\"widget\" data-widget_type=\"text-editor.default\">\n\t\t\t\t<div class=\"elementor-widget-container\">\n\t\t\t\t\t\t\t\t\t<h1>\u00dcdv\u00f6z\u00f6llek az oldalon!<\/h1><p>Rendel\u00e9seket csak akt\u00edv fi\u00f3kkal tudunk r\u00f6gz\u00edteni az oldalon kereszt\u00fcl.<\/p><p>Jelentkezz be vagy hozz l\u00e9tre egy fi\u00f3kot, hogy le tudd foglalni az id\u0151pontot.<\/p>\t\t\t\t\t\t\t\t<\/div>\n\t\t\t\t<\/div>\n\t\t<div data-particle_enable=\"false\" data-particle-mobile-disabled=\"false\" class=\"elementor-element elementor-element-0c3620d e-flex e-con-boxed e-con e-child\" data-id=\"0c3620d\" data-element_type=\"container\">\n\t\t\t\t\t<div class=\"e-con-inner\">\n\t\t\t\t<div class=\"elementor-element elementor-element-0017d97 elementor-widget elementor-widget-shortcode\" data-id=\"0017d97\" data-element_type=\"widget\" data-widget_type=\"shortcode.default\">\n\t\t\t\t<div class=\"elementor-widget-container\">\n\t\t\t\t\t\t\t<div class=\"elementor-shortcode\">\n<div class=\"um um-login um-503\">\n\t<div class=\"um-form\">\n\t\t<form method=\"post\" action=\"\" autocomplete=\"off\" data-trp-original-action=\"\">\n\t\t\t<div class=\"um-row _um_row_1\" style=\"margin: 0 0 30px 0;\"><div class=\"um-col-1\"><div  id=\"um_field_503_username\" class=\"um-field um-field-text  um-field-username um-field-text um-field-type_text\" data-key=\"username\"><div class=\"um-field-label\"><label for=\"username-503\">Felhaszn\u00e1l\u00f3n\u00e9v vagy E-mail<span class=\"um-req\" title=\"Required\">*<\/span><\/label><div class=\"um-clear\"><\/div><\/div><div class=\"um-field-area\"><div class=\"um-field-icon\"><i class=\"um-faicon-user\"><\/i><\/div><input  autocomplete=\"off\" class=\"um-form-field valid um-iconed\" type=\"text\" name=\"username-503\" id=\"username-503\" value=\"\" placeholder=\"Felhaszna\u00e1l\u00f3n\u00e9v vagy E-mail\" data-validate=\"\" data-key=\"username\"  aria-invalid=\"false\" \/>\n\n\t\t\t\t\t\t<\/div><\/div><div  id=\"um_field_503_user_password\" class=\"um-field um-field-password  um-field-user_password um-field-password um-field-type_password\" data-key=\"user_password\"><div class=\"um-field-label\"><label for=\"user_password-503\">Passworld<span class=\"um-req\" title=\"Required\">*<\/span><\/label><div class=\"um-clear\"><\/div><\/div><div class=\"um-field-area\"><div class=\"um-field-icon\"><i class=\"um-icon-android-lock\"><\/i><\/div><div class=\"um-field-area-password\">\n\t\t\t\t\t\t\t\t\t<input class=\"um-form-field valid um-iconed\" type=\"password\" name=\"user_password-503\" id=\"user_password-503\" value=\"\" placeholder=\"Passworld\" data-validate=\"\" data-key=\"user_password\"  aria-invalid=\"false\" \/>\n\t\t\t\t\t\t\t\t\t<span class=\"um-toggle-password\"><i class=\"um-icon-eye\"><\/i><\/span>\n\t\t\t\t\t\t\t\t<\/div>\n\t\t\t\t\t\t\t<\/div><\/div><\/div><\/div>\t<input type=\"hidden\" name=\"form_id\" id=\"form_id_503\" value=\"503\" \/>\n\t\t<p class=\"um_request_name\">\n\t\t<label for=\"um_request_503\">Only fill in if you are not human<\/label>\n\t\t<input type=\"hidden\" name=\"um_request\" id=\"um_request_503\" class=\"input\" value=\"\" size=\"25\" autocomplete=\"off\" \/>\n\t<\/p>\n\t<input type=\"hidden\" id=\"_wpnonce\" name=\"_wpnonce\" value=\"9f322df670\" \/><input type=\"hidden\" name=\"_wp_http_referer\" value=\"\/en\/wp-json\/wp\/v2\/pages\/507\" \/>\n\t<div class=\"um-col-alt\">\n\n\t\t\n\n\t\t\t<div class=\"um-field um-field-c\">\n\t\t\t\t<div class=\"um-field-area\">\n\t\t\t\t\t<label class=\"um-field-checkbox\">\n\t\t\t\t\t\t<input type=\"checkbox\" name=\"rememberme\" value=\"1\"  \/>\n\t\t\t\t\t\t<span class=\"um-field-checkbox-state\"><i class=\"um-icon-android-checkbox-outline-blank\"><\/i><\/span>\n\t\t\t\t\t\t<span class=\"um-field-checkbox-option\"> Keep me signed in<\/span>\n\t\t\t\t\t<\/label>\n\t\t\t\t<\/div>\n\t\t\t<\/div>\n\n\t\t\t\t\t\t<div class=\"um-clear\"><\/div>\n\t\t\n\t\t\t<div class=\"um-left um-half\">\n\t\t\t\t<input type=\"submit\" value=\"Bel\u00e9p\u00e9s\" class=\"um-button\" id=\"um-submit-btn\" \/>\n\t\t\t<\/div>\n\t\t\t<div class=\"um-right um-half\">\n\t\t\t\t<a href=\"https:\/\/temosod.hu\/en\/register\/\" class=\"um-button um-alt\">\n\t\t\t\t\tRegisztr\u00e1ci\u00f3\t\t\t\t<\/a>\n\t\t\t<\/div>\n\n\t\t\n\t\t<div class=\"um-clear\"><\/div>\n\n\t<\/div>\n\n\t\n\t<div class=\"um-col-alt-b\">\n\t\t<a href=\"https:\/\/temosod.hu\/en\/password-reset\/\" class=\"um-link-alt\">\n\t\t\tForgot your password?\t\t<\/a>\n\t<\/div>\n\n\t\t\t<input type=\"hidden\" name=\"trp-form-language\" value=\"en\"\/><\/form>\n\t<\/div>\n<\/div>\n<style>\n\t\t\t.um-503.um {\n\t\t\tmax-width: 300px;\n\t\t}\n\t\t<\/style>\n<\/div>\n\t\t\t\t\t\t<\/div>\n\t\t\t\t<\/div>\n\t\t\t\t\t<\/div>\n\t\t\t\t<\/div>\n\t\t\t\t<\/div>\n\t\t\t\t<\/div>","protected":false},"excerpt":{"rendered":"<p>\u00dcdv\u00f6z\u00f6llek az oldalon! Rendel\u00e9seket csak akt\u00edv fi\u00f3kkal tudunk r\u00f6gz\u00edteni az oldalon kereszt\u00fcl. Jelentkezz be vagy hozz l\u00e9tre egy fi\u00f3kot, hogy le tudd foglalni az id\u0151pontot.<\/p>","protected":false},"author":1,"featured_media":0,"parent":0,"menu_order":0,"comment_status":"closed","ping_status":"closed","template":"elementor_header_footer","meta":{"_eb_attr":"","footnotes":""},"class_list":["post-507","page","type-page","status-publish"],"_links":{"self":[{"href":"https:\/\/temosod.hu\/en\/wp-json\/wp\/v2\/pages\/507"}],"collection":[{"href":"https:\/\/temosod.hu\/en\/wp-json\/wp\/v2\/pages"}],"about":[{"href":"https:\/\/temosod.hu\/en\/wp-json\/wp\/v2\/types\/page"}],"author":[{"embeddable":true,"href":"https:\/\/temosod.hu\/en\/wp-json\/wp\/v2\/users\/1"}],"replies":[{"embeddable":true,"href":"https:\/\/temosod.hu\/en\/wp-json\/wp\/v2\/comments?post=507"}],"version-history":[{"count":145,"href":"https:\/\/temosod.hu\/en\/wp-json\/wp\/v2\/pages\/507\/revisions"}],"predecessor-version":[{"id":1478,"href":"https:\/\/temosod.hu\/en\/wp-json\/wp\/v2\/pages\/507\/revisions\/1478"}],"wp:attachment":[{"href":"https:\/\/temosod.hu\/en\/wp-json\/wp\/v2\/media?parent=507"}],"curies":[{"name":"wp","href":"https:\/\/api.w.org\/{rel}","templated":true}]}}