{"id":2511,"date":"2024-06-10T16:39:29","date_gmt":"2024-06-10T16:39:29","guid":{"rendered":"https:\/\/temosod.hu\/?page_id=2511"},"modified":"2024-06-10T16:40:46","modified_gmt":"2024-06-10T16:40:46","slug":"otthon","status":"publish","type":"page","link":"https:\/\/temosod.hu\/en\/otthon\/","title":{"rendered":"Home"},"content":{"rendered":"<div data-elementor-type=\"wp-page\" data-elementor-id=\"2511\" class=\"elementor elementor-2511\" data-elementor-post-type=\"page\">\n\t\t\t\t<div data-particle_enable=\"false\" data-particle-mobile-disabled=\"false\" class=\"elementor-element elementor-element-7fb69ff e-flex e-con-boxed e-con e-parent\" data-id=\"7fb69ff\" data-element_type=\"container\">\n\t\t\t\t\t<div class=\"e-con-inner\">\n\t\t\t\t<div class=\"elementor-element elementor-element-e5e34c5 elementor-widget elementor-widget-text-editor\" data-id=\"e5e34c5\" data-element_type=\"widget\" data-widget_type=\"text-editor.default\">\n\t\t\t\t<div class=\"elementor-widget-container\">\n\t\t\t\t\t\t\t\t\t<h4 style=\"text-align: center;\"><span style=\"color: #000000;\">Is your home carpet or sofa dirty? Full of stains that you can't get out? You're in the right place! In addition to cleaning your car, your home carpets and sofas are also in good hands with us.\u00a0<\/span><\/h4>\t\t\t\t\t\t\t\t<\/div>\n\t\t\t\t<\/div>\n\t\t\t\t\t<\/div>\n\t\t\t\t<\/div>\n\t\t<div data-particle_enable=\"false\" data-particle-mobile-disabled=\"false\" class=\"elementor-element elementor-element-1be1f5d e-flex e-con-boxed e-con e-parent\" data-id=\"1be1f5d\" data-element_type=\"container\">\n\t\t\t\t\t<div class=\"e-con-inner\">\n\t\t\t\t<div class=\"elementor-element elementor-element-c9c45c9 elementor-pagination-position-outside elementor-widget elementor-widget-image-carousel\" data-id=\"c9c45c9\" data-element_type=\"widget\" data-settings=\"{&quot;slides_to_show&quot;:&quot;1&quot;,&quot;navigation&quot;:&quot;dots&quot;,&quot;lazyload&quot;:&quot;yes&quot;,&quot;autoplay_speed&quot;:4000,&quot;autoplay&quot;:&quot;yes&quot;,&quot;pause_on_hover&quot;:&quot;yes&quot;,&quot;pause_on_interaction&quot;:&quot;yes&quot;,&quot;infinite&quot;:&quot;yes&quot;,&quot;effect&quot;:&quot;slide&quot;,&quot;speed&quot;:500}\" data-widget_type=\"image-carousel.default\">\n\t\t\t\t<div class=\"elementor-widget-container\">\n\t\t\t\t\t\t\t<div class=\"elementor-image-carousel-wrapper swiper\" role=\"region\" aria-roledescription=\"carousel\" aria-label=\"Image Carousel\" dir=\"ltr\">\n\t\t\t<div class=\"elementor-image-carousel swiper-wrapper\" aria-live=\"off\">\n\t\t\t\t\t\t\t\t<div class=\"swiper-slide\" role=\"group\" aria-roledescription=\"slide\" aria-label=\"1 of 7\"><figure class=\"swiper-slide-inner\"><img class=\"swiper-slide-image swiper-lazy\" data-src=\"https:\/\/temosod.hu\/wp-content\/uploads\/2024\/06\/colossus-kanape.jpg\" alt=\"Kanap\u00e9k tiszt\u00edt\u00e1sa\" \/><div class=\"swiper-lazy-preloader\"><\/div><\/figure><\/div><div class=\"swiper-slide\" role=\"group\" aria-roledescription=\"slide\" aria-label=\"2 of 7\"><figure class=\"swiper-slide-inner\"><img class=\"swiper-slide-image swiper-lazy\" data-src=\"https:\/\/temosod.hu\/wp-content\/uploads\/2024\/06\/mitol_lesz_kenyelmes_egy_kanape_01.jpg\" alt=\"Kanap\u00e9k tiszt\u00edt\u00e1sa\" \/><div class=\"swiper-lazy-preloader\"><\/div><\/figure><\/div><div class=\"swiper-slide\" role=\"group\" aria-roledescription=\"slide\" aria-label=\"3 of 7\"><figure class=\"swiper-slide-inner\"><img class=\"swiper-slide-image swiper-lazy\" data-src=\"https:\/\/temosod.hu\/wp-content\/uploads\/2024\/06\/carpet-cleaning-1024x684-1.jpeg\" alt=\"Sz\u0151nyegek tiszt\u00edt\u00e1sa\" \/><div class=\"swiper-lazy-preloader\"><\/div><\/figure><\/div><div class=\"swiper-slide\" role=\"group\" aria-roledescription=\"slide\" aria-label=\"4 of 7\"><figure class=\"swiper-slide-inner\"><img class=\"swiper-slide-image swiper-lazy\" data-src=\"https:\/\/temosod.hu\/wp-content\/uploads\/2024\/06\/kanape-karpit-tisztitas-3.jpg\" alt=\"Man dry cleaner&#039;s employee cleaning sofa with professionally extraction method.\" \/><div class=\"swiper-lazy-preloader\"><\/div><\/figure><\/div><div class=\"swiper-slide\" role=\"group\" aria-roledescription=\"slide\" aria-label=\"5 of 7\"><figure class=\"swiper-slide-inner\"><img class=\"swiper-slide-image swiper-lazy\" data-src=\"https:\/\/temosod.hu\/wp-content\/uploads\/2024\/06\/cleaning-pic-720x480-1.jpg\" alt=\"Kanap\u00e9k tiszt\u00edt\u00e1sa\" \/><div class=\"swiper-lazy-preloader\"><\/div><\/figure><\/div><div class=\"swiper-slide\" role=\"group\" aria-roledescription=\"slide\" aria-label=\"6 of 7\"><figure class=\"swiper-slide-inner\"><img class=\"swiper-slide-image swiper-lazy\" data-src=\"https:\/\/temosod.hu\/wp-content\/uploads\/2024\/06\/kanape_tak1-scaled.jpg\" alt=\"Kanap\u00e9k tiszt\u00edt\u00e1sa\" \/><div class=\"swiper-lazy-preloader\"><\/div><\/figure><\/div><div class=\"swiper-slide\" role=\"group\" aria-roledescription=\"slide\" aria-label=\"7 of 7\"><figure class=\"swiper-slide-inner\"><img class=\"swiper-slide-image swiper-lazy\" data-src=\"https:\/\/temosod.hu\/wp-content\/uploads\/2024\/06\/karpittisztitas-szolgaltatas.jpg\" alt=\"Kanap\u00e9k tiszt\u00edt\u00e1sa\" \/><div class=\"swiper-lazy-preloader\"><\/div><\/figure><\/div>\t\t\t<\/div>\n\t\t\t\t\t\t\t\n\t\t\t\t\t\t\t\t\t<div class=\"swiper-pagination\"><\/div>\n\t\t\t\t\t\t\t\t\t<\/div>\n\t\t\t\t\t\t<\/div>\n\t\t\t\t<\/div>\n\t\t\t\t\t<\/div>\n\t\t\t\t<\/div>\n\t\t\t\t<\/div>","protected":false},"excerpt":{"rendered":"<p>Is your home carpet or sofa dirty? Full of stains that you can't get out? You're in the right place! In addition to cleaning your car, your home carpets and sofas are also in good hands with us.\u00a0<\/p>","protected":false},"author":1,"featured_media":0,"parent":0,"menu_order":0,"comment_status":"closed","ping_status":"closed","template":"elementor_header_footer","meta":{"_eb_attr":"","footnotes":""},"class_list":["post-2511","page","type-page","status-publish"],"_links":{"self":[{"href":"https:\/\/temosod.hu\/en\/wp-json\/wp\/v2\/pages\/2511"}],"collection":[{"href":"https:\/\/temosod.hu\/en\/wp-json\/wp\/v2\/pages"}],"about":[{"href":"https:\/\/temosod.hu\/en\/wp-json\/wp\/v2\/types\/page"}],"author":[{"embeddable":true,"href":"https:\/\/temosod.hu\/en\/wp-json\/wp\/v2\/users\/1"}],"replies":[{"embeddable":true,"href":"https:\/\/temosod.hu\/en\/wp-json\/wp\/v2\/comments?post=2511"}],"version-history":[{"count":7,"href":"https:\/\/temosod.hu\/en\/wp-json\/wp\/v2\/pages\/2511\/revisions"}],"predecessor-version":[{"id":2523,"href":"https:\/\/temosod.hu\/en\/wp-json\/wp\/v2\/pages\/2511\/revisions\/2523"}],"wp:attachment":[{"href":"https:\/\/temosod.hu\/en\/wp-json\/wp\/v2\/media?parent=2511"}],"curies":[{"name":"wp","href":"https:\/\/api.w.org\/{rel}","templated":true}]}}