{"id":185,"date":"2024-02-29T14:22:42","date_gmt":"2024-02-29T14:22:42","guid":{"rendered":"https:\/\/my.temosod.hu\/?page_id=185"},"modified":"2024-05-31T07:16:01","modified_gmt":"2024-05-31T07:16:01","slug":"hogyan-mukodik","status":"publish","type":"page","link":"https:\/\/temosod.hu\/en\/hogyan-mukodik\/","title":{"rendered":"How It Works?"},"content":{"rendered":"<div data-elementor-type=\"wp-page\" data-elementor-id=\"185\" class=\"elementor elementor-185\" data-elementor-post-type=\"page\">\n\t\t\t\t<div data-particle_enable=\"false\" data-particle-mobile-disabled=\"false\" class=\"elementor-element elementor-element-276192d e-flex e-con-boxed e-con e-parent\" data-id=\"276192d\" data-element_type=\"container\">\n\t\t\t\t\t<div class=\"e-con-inner\">\n\t\t\t\t<div class=\"elementor-element elementor-element-6232d78 elementor-widget elementor-widget-spacer\" data-id=\"6232d78\" data-element_type=\"widget\" data-widget_type=\"spacer.default\">\n\t\t\t\t<div class=\"elementor-widget-container\">\n\t\t\t\t\t\t\t<div class=\"elementor-spacer\">\n\t\t\t<div class=\"elementor-spacer-inner\"><\/div>\n\t\t<\/div>\n\t\t\t\t\t\t<\/div>\n\t\t\t\t<\/div>\n\t\t\t\t<div class=\"elementor-element elementor-element-90a93c8 elementor-widget elementor-widget-text-editor\" data-id=\"90a93c8\" data-element_type=\"widget\" data-widget_type=\"text-editor.default\">\n\t\t\t\t<div class=\"elementor-widget-container\">\n\t\t\t\t\t\t\t\t\t<p style=\"text-align: center;\"><span style=\"color: #000000;\"><strong>How It Works?<\/strong><\/span><br \/><span style=\"color: #000000;\">\u2981 Go to the Appointment Booking menu, then click on the Online Appointment Booking button. Choose a time and book it. You can pay for the requested service with a credit card.<\/span><br \/><span style=\"color: #000000;\">\u2981 We will arrive at the scheduled time wherever you requested the washing, whether it's your home, workplace, underground garage, or the street.<\/span><br \/><span style=\"color: #000000;\">\u2981 We wash your car using water-saving, eco-friendly solutions, and we\u2019ll notify you when we\u2019re done.<\/span><\/p>\t\t\t\t\t\t\t\t<\/div>\n\t\t\t\t<\/div>\n\t\t\t\t\t<\/div>\n\t\t\t\t<\/div>\n\t\t<div data-particle_enable=\"false\" data-particle-mobile-disabled=\"false\" class=\"elementor-element elementor-element-33301ce e-flex e-con-boxed e-con e-parent\" data-id=\"33301ce\" data-element_type=\"container\">\n\t\t\t\t\t<div class=\"e-con-inner\">\n\t\t\t\t<div class=\"elementor-element elementor-element-d6535f7 elementor-widget elementor-widget-spacer\" data-id=\"d6535f7\" data-element_type=\"widget\" data-widget_type=\"spacer.default\">\n\t\t\t\t<div class=\"elementor-widget-container\">\n\t\t\t\t\t\t\t<div class=\"elementor-spacer\">\n\t\t\t<div class=\"elementor-spacer-inner\"><\/div>\n\t\t<\/div>\n\t\t\t\t\t\t<\/div>\n\t\t\t\t<\/div>\n\t\t\t\t<div class=\"elementor-element elementor-element-92a868b elementor-widget elementor-widget-heading\" data-id=\"92a868b\" data-element_type=\"widget\" data-widget_type=\"heading.default\">\n\t\t\t\t<div class=\"elementor-widget-container\">\n\t\t\t\t\t<h2 class=\"elementor-heading-title elementor-size-default\">What\u2019s included in the basic wash?<\/h2>\t\t\t\t<\/div>\n\t\t\t\t<\/div>\n\t\t\t\t\t<\/div>\n\t\t\t\t<\/div>\n\t\t<div data-particle_enable=\"false\" data-particle-mobile-disabled=\"false\" class=\"elementor-element elementor-element-9814bfc e-flex e-con-boxed e-con e-parent\" data-id=\"9814bfc\" data-element_type=\"container\">\n\t\t\t\t\t<div class=\"e-con-inner\">\n\t\t<div data-particle_enable=\"false\" data-particle-mobile-disabled=\"false\" class=\"elementor-element elementor-element-bf1986f e-con-full e-flex e-con e-child\" data-id=\"bf1986f\" data-element_type=\"container\">\n\t\t\t\t<div class=\"elementor-element elementor-element-643c102 elementor-widget elementor-widget-spacer\" data-id=\"643c102\" data-element_type=\"widget\" data-widget_type=\"spacer.default\">\n\t\t\t\t<div class=\"elementor-widget-container\">\n\t\t\t\t\t\t\t<div class=\"elementor-spacer\">\n\t\t\t<div class=\"elementor-spacer-inner\"><\/div>\n\t\t<\/div>\n\t\t\t\t\t\t<\/div>\n\t\t\t\t<\/div>\n\t\t\t\t<div class=\"elementor-element elementor-element-fba5189 elementor-widget elementor-widget-text-editor\" data-id=\"fba5189\" data-element_type=\"widget\" data-widget_type=\"text-editor.default\">\n\t\t\t\t<div class=\"elementor-widget-container\">\n\t\t\t\t\t\t\t\t\t<p style=\"text-align: center;\"><span style=\"color: #000000;\"><strong>Exterior parts<\/strong><\/span><\/p><p style=\"text-align: center;\"><span style=\"color: #000000;\">First, we spray the car with a special pre-wash solution to loosen and remove larger dirt, such as mud, bird droppings, etc.<\/span><\/p><p style=\"text-align: center;\"><span style=\"color: #000000;\">Next, we spray the car again with the appropriate solution and wipe it to a shine with a microfiber cloth. The hand wash allows for detailed cleaning, paying special attention to hard-to-reach areas and delicate surfaces.<\/span><\/p><p style=\"text-align: center;\"><span style=\"color: #000000;\">Wiping the windows clean.<\/span><\/p><p style=\"text-align: center;\"><span style=\"color: #000000;\">The rims are cleaned with a special rim cleaner and brush to remove brake dust and other stubborn dirt from the wheels and rims.<\/span><\/p><p style=\"text-align: center;\">\u00a0<\/p>\t\t\t\t\t\t\t\t<\/div>\n\t\t\t\t<\/div>\n\t\t\t\t<\/div>\n\t\t<div data-particle_enable=\"false\" data-particle-mobile-disabled=\"false\" class=\"elementor-element elementor-element-f03e8da e-con-full e-flex e-con e-child\" data-id=\"f03e8da\" data-element_type=\"container\">\n\t\t\t\t<div class=\"elementor-element elementor-element-33759b3 elementor-widget elementor-widget-spacer\" data-id=\"33759b3\" data-element_type=\"widget\" data-widget_type=\"spacer.default\">\n\t\t\t\t<div class=\"elementor-widget-container\">\n\t\t\t\t\t\t\t<div class=\"elementor-spacer\">\n\t\t\t<div class=\"elementor-spacer-inner\"><\/div>\n\t\t<\/div>\n\t\t\t\t\t\t<\/div>\n\t\t\t\t<\/div>\n\t\t\t\t<div class=\"elementor-element elementor-element-36592a4 elementor-widget elementor-widget-text-editor\" data-id=\"36592a4\" data-element_type=\"widget\" data-widget_type=\"text-editor.default\">\n\t\t\t\t<div class=\"elementor-widget-container\">\n\t\t\t\t\t\t\t\t\t<p style=\"text-align: center;\"><span style=\"color: #000000;\"><strong>Interior parts.<\/strong><\/span><\/p><p style=\"text-align: center;\"><span style=\"color: #000000;\">We remove all unnecessary trash and debris from the seats, floor, trunk, and side pockets.<\/span><\/p><p style=\"text-align: center;\"><span style=\"color: #000000;\">We thoroughly vacuum the interior, seats, carpets, and floor mats.<\/span><\/p><p style=\"text-align: center;\"><span style=\"color: #000000;\">Cleaning the air vents with a small brush or air spray for a thorough cleaning of hard-to-reach areas.<\/span><\/p><p style=\"text-align: center;\"><span style=\"color: #000000;\">Wiping down plastic surfaces with a cleaning solution.<\/span><\/p><p style=\"text-align: center;\"><span style=\"color: #000000;\">Cleaning the windows and seals.<\/span>.<\/p>\t\t\t\t\t\t\t\t<\/div>\n\t\t\t\t<\/div>\n\t\t\t\t<\/div>\n\t\t\t\t\t<\/div>\n\t\t\t\t<\/div>\n\t\t\t\t<\/div>","protected":false},"excerpt":{"rendered":"<p>Hogyan m\u0171k\u00f6dik?\u2981 L\u00e9pj az Id\u0151pont foglal\u00e1s men\u00fcponra, azon bel\u00fcl kattints az Online id\u0151pont foglal\u00e1s gombra.\u00a0 V\u00e1lassz id\u0151pontot \u00e9s foglald le. Bankk\u00e1rty\u00e1val pedig tudod rendezni a k\u00e9rt szolg\u00e1ltat\u00e1st.\u2981 A megrendelt id\u0151pontra meg\u00e9rkez\u00fcnk hozz\u00e1d, ahov\u00e1 \u00e9pp k\u00e9rted a mos\u00e1st, legyen az otthonod, munkahelyed, m\u00e9lygar\u00e1zs vagy utca.\u2981 V\u00edztakar\u00e9kos, k\u00f6rnyezetbar\u00e1t megold\u00e1sokkal lemossuk az aut\u00f3d, mikor v\u00e9gezt\u00fcnk \u00e9rtes\u00edt\u00fcnk. Mi tartozik &#8230; <a title=\"How It Works?\" class=\"read-more\" href=\"https:\/\/temosod.hu\/en\/hogyan-mukodik\/\" aria-label=\"Read more about Hogyan m\u0171k\u00f6dik?\">Read more<\/a><\/p>","protected":false},"author":1,"featured_media":0,"parent":0,"menu_order":0,"comment_status":"closed","ping_status":"closed","template":"elementor_header_footer","meta":{"_eb_attr":"","footnotes":""},"class_list":["post-185","page","type-page","status-publish"],"_links":{"self":[{"href":"https:\/\/temosod.hu\/en\/wp-json\/wp\/v2\/pages\/185"}],"collection":[{"href":"https:\/\/temosod.hu\/en\/wp-json\/wp\/v2\/pages"}],"about":[{"href":"https:\/\/temosod.hu\/en\/wp-json\/wp\/v2\/types\/page"}],"author":[{"embeddable":true,"href":"https:\/\/temosod.hu\/en\/wp-json\/wp\/v2\/users\/1"}],"replies":[{"embeddable":true,"href":"https:\/\/temosod.hu\/en\/wp-json\/wp\/v2\/comments?post=185"}],"version-history":[{"count":55,"href":"https:\/\/temosod.hu\/en\/wp-json\/wp\/v2\/pages\/185\/revisions"}],"predecessor-version":[{"id":2266,"href":"https:\/\/temosod.hu\/en\/wp-json\/wp\/v2\/pages\/185\/revisions\/2266"}],"wp:attachment":[{"href":"https:\/\/temosod.hu\/en\/wp-json\/wp\/v2\/media?parent=185"}],"curies":[{"name":"wp","href":"https:\/\/api.w.org\/{rel}","templated":true}]}}