{"id":179,"date":"2024-02-29T14:19:40","date_gmt":"2024-02-29T14:19:40","guid":{"rendered":"https:\/\/my.temosod.hu\/?page_id=179"},"modified":"2024-11-25T10:37:37","modified_gmt":"2024-11-25T10:37:37","slug":"cegeknek","status":"publish","type":"page","link":"https:\/\/temosod.hu\/en\/cegeknek\/","title":{"rendered":"For Businesses"},"content":{"rendered":"<div data-elementor-type=\"wp-page\" data-elementor-id=\"179\" class=\"elementor elementor-179\" data-elementor-post-type=\"page\">\n\t\t\t\t<div data-particle_enable=\"false\" data-particle-mobile-disabled=\"false\" class=\"elementor-element elementor-element-899bb73 e-flex e-con-boxed e-con e-parent\" data-id=\"899bb73\" data-element_type=\"container\">\n\t\t\t\t\t<div class=\"e-con-inner\">\n\t\t\t\t<div class=\"elementor-element elementor-element-18b5f3d elementor-widget-divider--view-line elementor-widget elementor-widget-divider\" data-id=\"18b5f3d\" data-element_type=\"widget\" data-widget_type=\"divider.default\">\n\t\t\t\t<div class=\"elementor-widget-container\">\n\t\t\t\t\t\t\t<div class=\"elementor-divider\">\n\t\t\t<span class=\"elementor-divider-separator\">\n\t\t\t\t\t\t<\/span>\n\t\t<\/div>\n\t\t\t\t\t\t<\/div>\n\t\t\t\t<\/div>\n\t\t\t\t\t<\/div>\n\t\t\t\t<\/div>\n\t\t<div data-particle_enable=\"false\" data-particle-mobile-disabled=\"false\" class=\"elementor-element elementor-element-17ce998 e-flex e-con-boxed e-con e-parent\" data-id=\"17ce998\" data-element_type=\"container\" data-settings=\"{&quot;background_background&quot;:&quot;classic&quot;}\">\n\t\t\t\t\t<div class=\"e-con-inner\">\n\t\t\t\t<div class=\"elementor-element elementor-element-7e64774 elementor-widget elementor-widget-wpforms\" data-id=\"7e64774\" data-element_type=\"widget\" data-widget_type=\"wpforms.default\">\n\t\t\t\t<div class=\"elementor-widget-container\">\n\t\t\t\t\t<style id=\"wpforms-css-vars-elementor-widget-7e64774\">\n\t\t\t\t.elementor-widget-wpforms.elementor-element-7e64774 {\n\t\t\t\t--wpforms-field-size-input-height: 43px;\n--wpforms-field-size-input-spacing: 15px;\n--wpforms-field-size-font-size: 16px;\n--wpforms-field-size-line-height: 19px;\n--wpforms-field-size-padding-h: 14px;\n--wpforms-field-size-checkbox-size: 16px;\n--wpforms-field-size-sublabel-spacing: 5px;\n--wpforms-field-size-icon-size: 1;\n--wpforms-label-size-font-size: 16px;\n--wpforms-label-size-line-height: 19px;\n--wpforms-label-size-sublabel-font-size: 14px;\n--wpforms-label-size-sublabel-line-height: 17px;\n--wpforms-button-size-font-size: 17px;\n--wpforms-button-size-height: 41px;\n--wpforms-button-size-padding-h: 15px;\n--wpforms-button-size-margin-top: 10px;\n\n\t\t\t}\n\t\t\t<\/style><div class=\"wpforms-container wpforms-container-full wpforms-render-modern\" id=\"wpforms-698\"><form id=\"wpforms-form-698\" class=\"wpforms-validate wpforms-form wpforms-ajax-form\" data-formid=\"698\" method=\"post\" enctype=\"multipart\/form-data\" action=\"\/en\/wp-json\/wp\/v2\/pages\/179\" data-token=\"680999fb36dd06717d27b662a2985805\" data-token-time=\"1777472693\" data-trp-original-action=\"\/en\/wp-json\/wp\/v2\/pages\/179\"><noscript class=\"wpforms-error-noscript\">Please enable JavaScript in your browser to complete this form.<\/noscript><div class=\"wpforms-hidden\" id=\"wpforms-error-noscript\">Please enable JavaScript in your browser to complete this form.<\/div><div class=\"wpforms-field-container\"><div id=\"wpforms-698-field_3-container\" class=\"wpforms-field wpforms-field-text\" data-field-id=\"3\"><label class=\"wpforms-field-label\" for=\"wpforms-698-field_3\">Company name <span class=\"wpforms-required-label\" aria-hidden=\"true\">*<\/span><\/label><input type=\"text\" id=\"wpforms-698-field_3\" class=\"wpforms-field-medium wpforms-field-required\" name=\"wpforms[fields][3]\" aria-errormessage=\"wpforms-698-field_3-error\" aria-describedby=\"wpforms-698-field_3-description\" required><div id=\"wpforms-698-field_3-description\" class=\"wpforms-field-description\">The full name of the company<\/div><\/div><div id=\"wpforms-698-field_7-container\" class=\"wpforms-field wpforms-field-text\" data-field-id=\"7\"><label class=\"wpforms-field-label\" for=\"wpforms-698-field_7\">Number of cars <span class=\"wpforms-required-label\" aria-hidden=\"true\">*<\/span><\/label><input type=\"text\" id=\"wpforms-698-field_7\" class=\"wpforms-field-medium wpforms-field-required\" name=\"wpforms[fields][7]\" aria-errormessage=\"wpforms-698-field_7-error\" aria-describedby=\"wpforms-698-field_7-description\" required><div id=\"wpforms-698-field_7-description\" class=\"wpforms-field-description\">How many cars would you like to have washed?<\/div><\/div><div id=\"wpforms-698-field_6-container\" class=\"wpforms-field wpforms-field-text\" data-field-id=\"6\"><label class=\"wpforms-field-label\" for=\"wpforms-698-field_6\">Location <span class=\"wpforms-required-label\" aria-hidden=\"true\">*<\/span><\/label><input type=\"text\" id=\"wpforms-698-field_6\" class=\"wpforms-field-medium wpforms-field-required\" name=\"wpforms[fields][6]\" aria-errormessage=\"wpforms-698-field_6-error\" aria-describedby=\"wpforms-698-field_6-description\" required><div id=\"wpforms-698-field_6-description\" class=\"wpforms-field-description\">At what address will the car washes take place?<\/div><\/div><div id=\"wpforms-698-field_1-container\" class=\"wpforms-field wpforms-field-email\" data-field-id=\"1\"><label class=\"wpforms-field-label\" for=\"wpforms-698-field_1\">Email <span class=\"wpforms-required-label\" aria-hidden=\"true\">*<\/span><\/label><input type=\"email\" id=\"wpforms-698-field_1\" class=\"wpforms-field-medium wpforms-field-required\" name=\"wpforms[fields][1]\" spellcheck=\"false\" aria-errormessage=\"wpforms-698-field_1-error\" aria-describedby=\"wpforms-698-field_1-description\" required><div id=\"wpforms-698-field_1-description\" class=\"wpforms-field-description\">Contact person's email address<\/div><\/div><div id=\"wpforms-698-field_5-container\" class=\"wpforms-field wpforms-field-number-slider\" data-field-id=\"5\"><label class=\"wpforms-field-label\" for=\"wpforms-698-field_5\">Frequency of car washes<\/label>\n<input\n\ttype=\"range\"\n\tid=\"wpforms-698-field_5\" class=\"wpforms-field-medium\" name=\"wpforms[fields][5]\" value=\"4\" aria-errormessage=\"wpforms-698-field_5-error\" aria-describedby=\"wpforms-698-field_5-description\"\t\tmin=\"0\"\n\tmax=\"6\"\n\tstep=\"1\">\n\n<div class=\"wpforms-field-number-slider-hint\"\n\tdata-hint=\"Kiv\u00e1lasztott h\u00e9t: {value}\">\n\tSelected week <b>4<\/b><\/div>\n<div id=\"wpforms-698-field_5-description\" class=\"wpforms-field-description\">Use the slider to set how often you would like to request a car wash<\/div><\/div><div id=\"wpforms-698-field_9-container\" class=\"wpforms-field wpforms-field-radio wpforms-list-inline\" data-field-id=\"9\"><fieldset><legend class=\"wpforms-field-label\">We would like to request a free trial wash<\/legend><ul id=\"wpforms-698-field_9\" class=\"wpforms-icon-choices wpforms-icon-choices-default wpforms-icon-choices-small\" style=\"--wpforms-icon-choices-color: #00adf7;\"><li class=\"choice-1 depth-1 wpforms-icon-choices-item\"><label class=\"wpforms-field-label-inline\" for=\"wpforms-698-field_9_1\">\n\t\t\t\t<span class=\"wpforms-icon-choices-icon\">\n\t\t\t\t\t<svg xmlns=\"http:\/\/www.w3.org\/2000\/svg\" width=\"40\" height=\"32px\" viewbox=\"0 0 512 512\"><!--! Font Awesome Free 6.4.0 by @fontawesome - https:\/\/fontawesome.com License - https:\/\/fontawesome.com\/license\/free (Icons: CC BY 4.0, Fonts: SIL OFL 1.1, Code: MIT License) Copyright 2023 Fonticons, Inc. --><path d=\"M256 48a208 208 0 1 1 0 416 208 208 0 1 1 0-416zm0 464A256 256 0 1 0 256 0a256 256 0 1 0 0 512zM369 209c9.4-9.4 9.4-24.6 0-33.9s-24.6-9.4-33.9 0l-111 111-47-47c-9.4-9.4-24.6-9.4-33.9 0s-9.4 24.6 0 33.9l64 64c9.4 9.4 24.6 9.4 33.9 0L369 209z\"\/><\/svg>\n\t\t\t\t\t<span class=\"wpforms-icon-choices-icon-bg\"><\/span>\n\t\t\t\t<\/span>\n\t\t\t\t<input type=\"radio\" id=\"wpforms-698-field_9_1\" class=\"wpforms-screen-reader-element\" name=\"wpforms[fields][9]\" value=\"Igen\" aria-errormessage=\"wpforms-698-field_9_1-error\"  >\n\t\t\t\t<span class=\"wpforms-icon-choices-label\">Yes<\/span>\n\t\t\t<\/label><\/li><li class=\"choice-2 depth-1 wpforms-icon-choices-item\"><label class=\"wpforms-field-label-inline\" for=\"wpforms-698-field_9_2\">\n\t\t\t\t<span class=\"wpforms-icon-choices-icon\">\n\t\t\t\t\t<svg xmlns=\"http:\/\/www.w3.org\/2000\/svg\" width=\"40\" height=\"32px\" viewbox=\"0 0 512 512\"><!--! Font Awesome Free 6.4.0 by @fontawesome - https:\/\/fontawesome.com License - https:\/\/fontawesome.com\/license\/free (Icons: CC BY 4.0, Fonts: SIL OFL 1.1, Code: MIT License) Copyright 2023 Fonticons, Inc. --><path d=\"M256 48a208 208 0 1 1 0 416 208 208 0 1 1 0-416zm0 464A256 256 0 1 0 256 0a256 256 0 1 0 0 512zM175 175c-9.4 9.4-9.4 24.6 0 33.9l47 47-47 47c-9.4 9.4-9.4 24.6 0 33.9s24.6 9.4 33.9 0l47-47 47 47c9.4 9.4 24.6 9.4 33.9 0s9.4-24.6 0-33.9l-47-47 47-47c9.4-9.4 9.4-24.6 0-33.9s-24.6-9.4-33.9 0l-47 47-47-47c-9.4-9.4-24.6-9.4-33.9 0z\"\/><\/svg>\n\t\t\t\t\t<span class=\"wpforms-icon-choices-icon-bg\"><\/span>\n\t\t\t\t<\/span>\n\t\t\t\t<input type=\"radio\" id=\"wpforms-698-field_9_2\" class=\"wpforms-screen-reader-element\" name=\"wpforms[fields][9]\" value=\"Nem\" aria-errormessage=\"wpforms-698-field_9_2-error\"  >\n\t\t\t\t<span class=\"wpforms-icon-choices-label\">No<\/span>\n\t\t\t<\/label><\/li><\/ul><\/fieldset><\/div><div id=\"wpforms-698-field_2-container\" class=\"wpforms-field wpforms-field-textarea\" data-field-id=\"2\"><label class=\"wpforms-field-label\" for=\"wpforms-698-field_2\">Note message<\/label><textarea id=\"wpforms-698-field_2\" class=\"wpforms-field-medium\" name=\"wpforms[fields][2]\" aria-errormessage=\"wpforms-698-field_2-error\" aria-describedby=\"wpforms-698-field_2-description\" ><\/textarea><div id=\"wpforms-698-field_2-description\" class=\"wpforms-field-description\">If there is any additional information you would like to add, you can do so here.<\/div><\/div><\/div><!-- .wpforms-field-container --><div class=\"wpforms-submit-container\" ><input type=\"hidden\" name=\"wpforms[id]\" value=\"698\"><input type=\"hidden\" name=\"page_title\" value=\"\"><input type=\"hidden\" name=\"page_url\" value=\"https:\/\/temosod.hu\/en\/wp-json\/wp\/v2\/pages\/179\"><input type=\"hidden\" name=\"url_referer\" value=\"\"><button type=\"submit\" name=\"wpforms[submit]\" id=\"wpforms-submit-698\" class=\"wpforms-submit\" data-alt-text=\"K\u00fcld\u00e9s...\" data-submit-text=\"Aj\u00e1nlatot k\u00e9rek \" aria-live=\"assertive\" value=\"wpforms-submit\">Aj\u00e1nlatot k\u00e9rek <\/button><img decoding=\"async\" src=\"https:\/\/temosod.hu\/wp-content\/plugins\/wpforms-lite\/assets\/images\/submit-spin.svg\" class=\"wpforms-submit-spinner\" style=\"display: none;\" width=\"26\" height=\"26\" alt=\"Loading\"><\/div><input type=\"hidden\" name=\"trp-form-language\" value=\"en\"\/><\/form><\/div>  <!-- .wpforms-container -->\t\t\t\t<\/div>\n\t\t\t\t<\/div>\n\t\t\t\t\t<\/div>\n\t\t\t\t<\/div>\n\t\t<div data-particle_enable=\"false\" data-particle-mobile-disabled=\"false\" class=\"elementor-element elementor-element-20c9af7 e-flex e-con-boxed e-con e-parent\" data-id=\"20c9af7\" data-element_type=\"container\">\n\t\t\t\t\t<div class=\"e-con-inner\">\n\t\t\t\t<div class=\"elementor-element elementor-element-be8acbd elementor-widget elementor-widget-heading\" data-id=\"be8acbd\" data-element_type=\"widget\" data-widget_type=\"heading.default\">\n\t\t\t\t<div class=\"elementor-widget-container\">\n\t\t\t\t\t<h2 class=\"elementor-heading-title elementor-size-default\">Why is it worth choosing us as a company?<\/h2>\t\t\t\t<\/div>\n\t\t\t\t<\/div>\n\t\t\t\t\t<\/div>\n\t\t\t\t<\/div>\n\t\t<div data-particle_enable=\"false\" data-particle-mobile-disabled=\"false\" class=\"elementor-element elementor-element-c86a917 e-flex e-con-boxed e-con e-parent\" data-id=\"c86a917\" data-element_type=\"container\">\n\t\t\t\t\t<div class=\"e-con-inner\">\n\t\t<div data-particle_enable=\"false\" data-particle-mobile-disabled=\"false\" class=\"elementor-element elementor-element-4bb124e e-con-full e-flex e-con e-child\" data-id=\"4bb124e\" data-element_type=\"container\">\n\t\t\t\t<div class=\"elementor-element elementor-element-78d817c elementor-widget elementor-widget-text-editor\" data-id=\"78d817c\" data-element_type=\"widget\" data-widget_type=\"text-editor.default\">\n\t\t\t\t<div class=\"elementor-widget-container\">\n\t\t\t\t\t\t\t\t\t<p style=\"text-align: center;\"><strong><span style=\"color: #008000;\">It protects the environment<\/span><\/strong><\/p><p style=\"text-align: center;\"><span style=\"color: #000000;\">With each wash, we save an average of 120 liters of water<\/span><\/p><p><img decoding=\"async\" class=\"wp-image-778 size-thumbnail aligncenter\" src=\"https:\/\/temosod.hu\/wp-content\/uploads\/2024\/03\/336-3363761_save-earth-by-recycling-hd-png-download-150x150.png\" alt=\"\" width=\"150\" height=\"150\" \/><\/p>\t\t\t\t\t\t\t\t<\/div>\n\t\t\t\t<\/div>\n\t\t\t\t<\/div>\n\t\t<div data-particle_enable=\"false\" data-particle-mobile-disabled=\"false\" class=\"elementor-element elementor-element-1c9ba73 e-con-full e-flex e-con e-child\" data-id=\"1c9ba73\" data-element_type=\"container\">\n\t\t\t\t<div class=\"elementor-element elementor-element-5d21351 elementor-widget elementor-widget-text-editor\" data-id=\"5d21351\" data-element_type=\"widget\" data-widget_type=\"text-editor.default\">\n\t\t\t\t<div class=\"elementor-widget-container\">\n\t\t\t\t\t\t\t\t\t<p style=\"text-align: center;\"><span style=\"color: #008000;\"><strong>Simple invoicing<\/strong><\/span><\/p><p style=\"text-align: center;\"><span style=\"color: #000000;\">You decide the billing cycle that works best for your company<\/span><\/p><p><img decoding=\"async\" class=\"wp-image-807 aligncenter\" src=\"https:\/\/temosod.hu\/wp-content\/uploads\/2024\/03\/konyvelo-blog-4-1024x439-1-300x129.jpg\" alt=\"\" width=\"214\" height=\"92\" srcset=\"https:\/\/temosod.hu\/wp-content\/uploads\/2024\/03\/konyvelo-blog-4-1024x439-1-300x129.jpg 300w, https:\/\/temosod.hu\/wp-content\/uploads\/2024\/03\/konyvelo-blog-4-1024x439-1-768x329.jpg 768w, https:\/\/temosod.hu\/wp-content\/uploads\/2024\/03\/konyvelo-blog-4-1024x439-1.jpg 1024w\" sizes=\"(max-width: 214px) 100vw, 214px\" \/><\/p>\t\t\t\t\t\t\t\t<\/div>\n\t\t\t\t<\/div>\n\t\t\t\t<\/div>\n\t\t<div data-particle_enable=\"false\" data-particle-mobile-disabled=\"false\" class=\"elementor-element elementor-element-a721a1e e-con-full e-flex e-con e-child\" data-id=\"a721a1e\" data-element_type=\"container\">\n\t\t\t\t<div class=\"elementor-element elementor-element-c0e548c elementor-widget elementor-widget-text-editor\" data-id=\"c0e548c\" data-element_type=\"widget\" data-widget_type=\"text-editor.default\">\n\t\t\t\t<div class=\"elementor-widget-container\">\n\t\t\t\t\t\t\t\t\t<p style=\"text-align: center;\"><strong><span style=\"color: #008000;\">We provide everything.<\/span><\/strong><\/p><p style=\"text-align: center;\"><span style=\"color: #000000;\">We don\u2019t need anything; we bring everything with us. We leave no mess behind\u2014no spilled liquids or chemical residues.<\/span><\/p><p><img loading=\"lazy\" decoding=\"async\" class=\"wp-image-788 aligncenter\" src=\"https:\/\/temosod.hu\/wp-content\/uploads\/2024\/03\/kulso-belso-300x200.png\" alt=\"\" width=\"180\" height=\"120\" srcset=\"https:\/\/temosod.hu\/wp-content\/uploads\/2024\/03\/kulso-belso-300x200.png 300w, https:\/\/temosod.hu\/wp-content\/uploads\/2024\/03\/kulso-belso.png 591w\" sizes=\"(max-width: 180px) 100vw, 180px\" \/><\/p>\t\t\t\t\t\t\t\t<\/div>\n\t\t\t\t<\/div>\n\t\t\t\t<\/div>\n\t\t<div data-particle_enable=\"false\" data-particle-mobile-disabled=\"false\" class=\"elementor-element elementor-element-06353f7 e-con-full e-flex e-con e-child\" data-id=\"06353f7\" data-element_type=\"container\">\n\t\t\t\t<div class=\"elementor-element elementor-element-16b3106 elementor-widget elementor-widget-text-editor\" data-id=\"16b3106\" data-element_type=\"widget\" data-widget_type=\"text-editor.default\">\n\t\t\t\t<div class=\"elementor-widget-container\">\n\t\t\t\t\t\t\t\t\t<p style=\"text-align: center;\"><span style=\"color: #008000;\"><strong>We offer home service<\/strong><\/span><\/p><p style=\"text-align: center;\"><span style=\"color: #000000;\">You don\u2019t have to worry about washing your company\u2019s fleet; we come wherever you want.<\/span><\/p><p><img loading=\"lazy\" decoding=\"async\" class=\"wp-image-787 aligncenter\" src=\"https:\/\/temosod.hu\/wp-content\/uploads\/2024\/03\/Interior-Cleaning-Northern-Kentucky-Burlington-Union-300x169.jpg\" alt=\"\" width=\"198\" height=\"112\" srcset=\"https:\/\/temosod.hu\/wp-content\/uploads\/2024\/03\/Interior-Cleaning-Northern-Kentucky-Burlington-Union-300x169.jpg 300w, https:\/\/temosod.hu\/wp-content\/uploads\/2024\/03\/Interior-Cleaning-Northern-Kentucky-Burlington-Union-1024x576.jpg 1024w, https:\/\/temosod.hu\/wp-content\/uploads\/2024\/03\/Interior-Cleaning-Northern-Kentucky-Burlington-Union-768x432.jpg 768w, https:\/\/temosod.hu\/wp-content\/uploads\/2024\/03\/Interior-Cleaning-Northern-Kentucky-Burlington-Union.jpg 1200w\" sizes=\"(max-width: 198px) 100vw, 198px\" \/><\/p>\t\t\t\t\t\t\t\t<\/div>\n\t\t\t\t<\/div>\n\t\t\t\t<\/div>\n\t\t\t\t\t<\/div>\n\t\t\t\t<\/div>\n\t\t\t\t<\/div>","protected":false},"excerpt":{"rendered":"<p>Please enable JavaScript in your browser to complete this form.Please enable JavaScript in your browser to complete this form.C\u00e9gn\u00e9v *C\u00e9ge teljes neveAut\u00f3k sz\u00e1ma *H\u00e1ny aut\u00f3t szeretn\u00e9nek mosattatniHelysz\u00edn *Milyen c\u00edmen lenn\u00e9nek a mos\u00e1sokEmail *Kapcsolattart\u00f3 E-mail c\u00edmMos\u00e1sok gyakoris\u00e1ga Kiv\u00e1lasztott h\u00e9t: 4 A csuszka seg\u00edts\u00e9g\u00e9vel \u00e1ll\u00edtsa be h\u00e1ny hetente szeretn\u00e9nek k\u00e9rni mos\u00e1st K\u00e9r\u00fcnk pr\u00f3bamos\u00e1st ingyen Igen Nem Megjegyz\u00e9s &#8230; <a title=\"For Businesses\" class=\"read-more\" href=\"https:\/\/temosod.hu\/en\/cegeknek\/\" aria-label=\"Read more about C\u00e9geknek\">Read more<\/a><\/p>","protected":false},"author":1,"featured_media":0,"parent":0,"menu_order":0,"comment_status":"closed","ping_status":"closed","template":"elementor_header_footer","meta":{"_eb_attr":"","footnotes":""},"class_list":["post-179","page","type-page","status-publish"],"_links":{"self":[{"href":"https:\/\/temosod.hu\/en\/wp-json\/wp\/v2\/pages\/179"}],"collection":[{"href":"https:\/\/temosod.hu\/en\/wp-json\/wp\/v2\/pages"}],"about":[{"href":"https:\/\/temosod.hu\/en\/wp-json\/wp\/v2\/types\/page"}],"author":[{"embeddable":true,"href":"https:\/\/temosod.hu\/en\/wp-json\/wp\/v2\/users\/1"}],"replies":[{"embeddable":true,"href":"https:\/\/temosod.hu\/en\/wp-json\/wp\/v2\/comments?post=179"}],"version-history":[{"count":88,"href":"https:\/\/temosod.hu\/en\/wp-json\/wp\/v2\/pages\/179\/revisions"}],"predecessor-version":[{"id":2612,"href":"https:\/\/temosod.hu\/en\/wp-json\/wp\/v2\/pages\/179\/revisions\/2612"}],"wp:attachment":[{"href":"https:\/\/temosod.hu\/en\/wp-json\/wp\/v2\/media?parent=179"}],"curies":[{"name":"wp","href":"https:\/\/api.w.org\/{rel}","templated":true}]}}