{"id":112,"date":"2024-02-29T11:13:06","date_gmt":"2024-02-29T11:13:06","guid":{"rendered":"https:\/\/my.temosod.hu\/?page_id=112"},"modified":"2024-06-03T04:10:24","modified_gmt":"2024-06-03T04:10:24","slug":"kapcsolat","status":"publish","type":"page","link":"https:\/\/temosod.hu\/en\/kapcsolat\/","title":{"rendered":"Contact"},"content":{"rendered":"<div data-elementor-type=\"wp-page\" data-elementor-id=\"112\" class=\"elementor elementor-112\" data-elementor-post-type=\"page\">\n\t\t\t\t<div data-particle_enable=\"false\" data-particle-mobile-disabled=\"false\" class=\"elementor-element elementor-element-79fd5fa e-flex e-con-boxed e-con e-parent\" data-id=\"79fd5fa\" data-element_type=\"container\">\n\t\t\t\t\t<div class=\"e-con-inner\">\n\t\t\t\t<div class=\"elementor-element elementor-element-cbdc578 elementor-widget elementor-widget-text-editor\" data-id=\"cbdc578\" data-element_type=\"widget\" data-widget_type=\"text-editor.default\">\n\t\t\t\t<div class=\"elementor-widget-container\">\n\t\t\t\t\t\t\t\t\t<h1>Our contact information<\/h1>\t\t\t\t\t\t\t\t<\/div>\n\t\t\t\t<\/div>\n\t\t\t\t\t<\/div>\n\t\t\t\t<\/div>\n\t\t<div data-particle_enable=\"false\" data-particle-mobile-disabled=\"false\" class=\"elementor-element elementor-element-a0b30ec e-flex e-con-boxed e-con e-parent\" data-id=\"a0b30ec\" data-element_type=\"container\">\n\t\t\t\t\t<div class=\"e-con-inner\">\n\t\t\t\t<div class=\"elementor-element elementor-element-101cf17 elementor-drop-cap-yes elementor-drop-cap-view-default elementor-widget elementor-widget-text-editor\" data-id=\"101cf17\" data-element_type=\"widget\" data-settings=\"{&quot;drop_cap&quot;:&quot;yes&quot;}\" data-widget_type=\"text-editor.default\">\n\t\t\t\t<div class=\"elementor-widget-container\">\n\t\t\t\t\t\t\t\t\t<h5><strong><span style=\"vertical-align: inherit;\"><span style=\"vertical-align: inherit;\">E-mail: info@temosod.hu<\/span><\/span><\/strong><\/h5>\t\t\t\t\t\t\t\t<\/div>\n\t\t\t\t<\/div>\n\t\t\t\t\t<\/div>\n\t\t\t\t<\/div>\n\t\t<div data-particle_enable=\"false\" data-particle-mobile-disabled=\"false\" class=\"elementor-element elementor-element-72e78b7 e-flex e-con-boxed e-con e-parent\" data-id=\"72e78b7\" data-element_type=\"container\">\n\t\t\t\t\t<div class=\"e-con-inner\">\n\t\t\t\t<div class=\"elementor-element elementor-element-101b7d0 elementor-widget elementor-widget-text-editor\" data-id=\"101b7d0\" data-element_type=\"widget\" data-widget_type=\"text-editor.default\">\n\t\t\t\t<div class=\"elementor-widget-container\">\n\t\t\t\t\t\t\t\t\t<p><strong><span style=\"vertical-align: inherit;\"><span style=\"vertical-align: inherit;\"><span style=\"vertical-align: inherit;\"><span style=\"vertical-align: inherit;\"><span style=\"vertical-align: inherit;\"><span style=\"vertical-align: inherit;\">Tel: <\/span><\/span><span style=\"vertical-align: inherit;\"><span style=\"vertical-align: inherit;\">+36 70 886 1668<\/span><\/span><\/span><\/span><\/span><\/span><\/strong><\/p>\t\t\t\t\t\t\t\t<\/div>\n\t\t\t\t<\/div>\n\t\t\t\t\t<\/div>\n\t\t\t\t<\/div>\n\t\t<div data-particle_enable=\"false\" data-particle-mobile-disabled=\"false\" class=\"elementor-element elementor-element-c6f9d56 e-flex e-con-boxed e-con e-parent\" data-id=\"c6f9d56\" data-element_type=\"container\">\n\t\t\t\t\t<div class=\"e-con-inner\">\n\t\t\t\t<div class=\"elementor-element elementor-element-3e37ded elementor-widget elementor-widget-text-editor\" data-id=\"3e37ded\" data-element_type=\"widget\" data-widget_type=\"text-editor.default\">\n\t\t\t\t<div class=\"elementor-widget-container\">\n\t\t\t\t\t\t\t\t\t<p><strong>E-mail: panaszkezeles@temosod.hu<\/strong><\/p>\t\t\t\t\t\t\t\t<\/div>\n\t\t\t\t<\/div>\n\t\t\t\t\t<\/div>\n\t\t\t\t<\/div>\n\t\t<div data-particle_enable=\"false\" data-particle-mobile-disabled=\"false\" class=\"elementor-element elementor-element-cc9c358 e-flex e-con-boxed e-con e-parent\" data-id=\"cc9c358\" data-element_type=\"container\">\n\t\t\t\t\t<div class=\"e-con-inner\">\n\t\t\t\t<div class=\"elementor-element elementor-element-982b383 elementor-widget elementor-widget-text-editor\" data-id=\"982b383\" data-element_type=\"widget\" data-widget_type=\"text-editor.default\">\n\t\t\t\t<div class=\"elementor-widget-container\">\n\t\t\t\t\t\t\t\t\t<p style=\"text-align: center;\"><strong><span style=\"color: #000000;\">Business hours H-Sz 08:00-20:00\u00a0\u00a0<\/span><\/strong><\/p><p style=\"text-align: center;\"><strong><span style=\"color: #000000;\">Sunday: 08:00 AM \u2013 4:00 PM<\/span><\/strong><\/p>\t\t\t\t\t\t\t\t<\/div>\n\t\t\t\t<\/div>\n\t\t\t\t\t<\/div>\n\t\t\t\t<\/div>\n\t\t<div data-particle_enable=\"false\" data-particle-mobile-disabled=\"false\" class=\"elementor-element elementor-element-e5c08c2 e-flex e-con-boxed e-con e-parent\" data-id=\"e5c08c2\" data-element_type=\"container\">\n\t\t\t\t\t<div class=\"e-con-inner\">\n\t\t\t\t<div class=\"elementor-element elementor-element-f59ebe3 elementor-widget elementor-widget-text-editor\" data-id=\"f59ebe3\" data-element_type=\"widget\" data-widget_type=\"text-editor.default\">\n\t\t\t\t<div class=\"elementor-widget-container\">\n\t\t\t\t\t\t\t\t\t<p><strong>Visit our Facebook, Instagram, or TikTok pages too!<\/strong><\/p>\t\t\t\t\t\t\t\t<\/div>\n\t\t\t\t<\/div>\n\t\t\t\t\t<\/div>\n\t\t\t\t<\/div>\n\t\t<div data-particle_enable=\"false\" data-particle-mobile-disabled=\"false\" class=\"elementor-element elementor-element-dc103e6 e-flex e-con-boxed e-con e-parent\" data-id=\"dc103e6\" data-element_type=\"container\">\n\t\t\t\t\t<div class=\"e-con-inner\">\n\t\t\t\t<div class=\"elementor-element elementor-element-7f64bf8 elementor-shape-circle elementor-grid-0 e-grid-align-center elementor-widget elementor-widget-social-icons\" data-id=\"7f64bf8\" data-element_type=\"widget\" data-widget_type=\"social-icons.default\">\n\t\t\t\t<div class=\"elementor-widget-container\">\n\t\t\t\t\t\t\t<div class=\"elementor-social-icons-wrapper elementor-grid\">\n\t\t\t\t\t\t\t<span class=\"elementor-grid-item\">\n\t\t\t\t\t<a class=\"elementor-icon elementor-social-icon elementor-social-icon-facebook elementor-animation-pulse elementor-repeater-item-13bd17d\" href=\"https:\/\/www.facebook.com\/temosod.hu\" target=\"_blank\">\n\t\t\t\t\t\t<span class=\"elementor-screen-only\">Facebook<\/span>\n\t\t\t\t\t\t<svg class=\"e-font-icon-svg e-fab-facebook\" viewbox=\"0 0 512 512\" xmlns=\"http:\/\/www.w3.org\/2000\/svg\"><path d=\"M504 256C504 119 393 8 256 8S8 119 8 256c0 123.78 90.69 226.38 209.25 245V327.69h-63V256h63v-54.64c0-62.15 37-96.48 93.67-96.48 27.14 0 55.52 4.84 55.52 4.84v61h-31.28c-30.8 0-40.41 19.12-40.41 38.73V256h68.78l-11 71.69h-57.78V501C413.31 482.38 504 379.78 504 256z\"><\/path><\/svg>\t\t\t\t\t<\/a>\n\t\t\t\t<\/span>\n\t\t\t\t\t\t\t<span class=\"elementor-grid-item\">\n\t\t\t\t\t<a class=\"elementor-icon elementor-social-icon elementor-social-icon- elementor-animation-pulse elementor-repeater-item-5971960\" href=\"https:\/\/www.tiktok.com\/@temosod\" target=\"_blank\">\n\t\t\t\t\t\t<span class=\"elementor-screen-only\"><\/span>\n\t\t\t\t\t\t<svg xmlns=\"http:\/\/www.w3.org\/2000\/svg\" xmlns:xlink=\"http:\/\/www.w3.org\/1999\/xlink\" id=\"Layer_1\" style=\"enable-background:new 0 0 64 64;\" viewbox=\"0 0 64 64\" xml:space=\"preserve\">  <style type=\"text\/css\">\t.st0{fill:#314A52;}\t.st1{fill-rule:evenodd;clip-rule:evenodd;}\t.st2{fill:#FE2C55;}\t.st3{fill:#25F4EE;}\t.st4{fill:#FFFFFF;}<\/style>  <g id=\"TikTok\">    <path class=\"st0\" d=\"M3,13C3,7.5,7.5,3,13,3h38c5.5,0,10,4.5,10,10v38c0,5.5-4.5,10-10,10H13C7.5,61,3,56.5,3,51V13z\"><\/path>    <path class=\"st1\" d=\"M9.5,5.1c1-0.5,2.1-0.8,4-0.9C15.4,4,17.8,4,21.2,4h21.6c3.4,0,5.8,0,7.7,0.2c1.9,0.2,3.1,0.4,4,0.9   c1.9,1,3.4,2.5,4.4,4.4c0.5,1,0.8,2.1,0.9,4c0.1,1.7,0.2,3.8,0.2,6.6c-0.1,12.2-7.7,22.7-19,28.1c-3.5,2.3-9.8,3.8-17,3.8   c-11,0-19.9-3.6-20-7.9c0-0.4,0-0.8,0-1.3V21.2c0-3.4,0-5.8,0.2-7.7c0.2-1.9,0.4-3.1,0.9-4C6,7.6,7.6,6,9.5,5.1z M42.9,0H21.1   c-3.3,0-5.9,0-8,0.2C11,0.3,9.3,0.7,7.6,1.5C5,2.9,2.9,5,1.5,7.6C0.7,9.3,0.3,11,0.2,13.2C0,15.2,0,17.8,0,21.1v21.8   c0,3.3,0,5.9,0.2,8c0.2,2.1,0.5,3.9,1.4,5.5C2.9,59,5,61.1,7.6,62.5c1.6,0.8,3.4,1.2,5.5,1.4c2.1,0.2,4.7,0.2,8,0.2h21.8   c3.3,0,5.9,0,8-0.2c2.1-0.2,3.9-0.5,5.5-1.4c2.6-1.3,4.8-3.5,6.1-6.1c0.8-1.6,1.2-3.4,1.4-5.5c0.2-2.1,0.2-4.7,0.2-8V21.1   c0-3.3,0-5.9-0.2-8c-0.2-2.1-0.5-3.9-1.4-5.5C61.1,5,59,2.9,56.4,1.5c-1.6-0.8-3.4-1.2-5.5-1.4C48.8,0,46.2,0,42.9,0z\"><\/path>    <path class=\"st2\" d=\"M54,22c-6.6,0-12-5.4-12-12h-8v32c0,3.3-2.7,6-6,6c-3.3,0-6-2.7-6-6c0-3.3,2.7-6,6-6c0.7,0,1.4,0.1,2,0.3v-8.2   C29.3,28,28.7,28,28,28c-7.7,0-14,6.3-14,14c0,7.7,6.3,14,14,14c7.7,0,14-6.3,14-14V26c3.3,2.5,7.5,4,12,4V22z\"><\/path>    <path class=\"st3\" d=\"M52,20c-6.6,0-12-5.4-12-12h-8v32c0,3.3-2.7,6-6,6c-3.3,0-6-2.7-6-6c0-3.3,2.7-6,6-6c0.7,0,1.4,0.1,2,0.3v-8.2   C27.3,26,26.7,26,26,26c-7.7,0-14,6.3-14,14c0,7.7,6.3,14,14,14c7.7,0,14-6.3,14-14V24c3.3,2.5,7.5,4,12,4V20z\"><\/path>    <path class=\"st4\" d=\"M52,21.8c-3-0.5-5.6-2.1-7.4-4.4c-2.3-1.8-3.9-4.4-4.4-7.4H34v32c0,3.3-2.7,6-6,6c-2.2,0-4.1-1.2-5.1-2.9   c-1.7-1.1-2.9-3-2.9-5.1c0-3.3,2.7-6,6-6c0.7,0,1.4,0.1,2,0.3V28c-7.7,0-14,6.3-14,14c0,3.4,1.2,6.4,3.2,8.8c2.4,2,5.5,3.2,8.8,3.2   c7.7,0,14-6.3,14-14V24c3.3,2.5,7.5,4,12,4V21.8z\"><\/path>  <\/g><\/svg>\t\t\t\t\t<\/a>\n\t\t\t\t<\/span>\n\t\t\t\t\t\t\t<span class=\"elementor-grid-item\">\n\t\t\t\t\t<a class=\"elementor-icon elementor-social-icon elementor-social-icon- elementor-animation-pulse elementor-repeater-item-1e40a67\" href=\"https:\/\/www.instagram.com\/temosodhu\/\" target=\"_blank\">\n\t\t\t\t\t\t<span class=\"elementor-screen-only\"><\/span>\n\t\t\t\t\t\t<svg xmlns=\"http:\/\/www.w3.org\/2000\/svg\" viewbox=\"0 0 16 16\" id=\"instagram\"><lineargradient id=\"a\" x1=\"1.464\" x2=\"14.536\" y1=\"14.536\" y2=\"1.464\" gradientunits=\"userSpaceOnUse\"><stop offset=\"0\" stop-color=\"#FFC107\"><\/stop><stop offset=\".507\" stop-color=\"#F44336\"><\/stop><stop offset=\".99\" stop-color=\"#9C27B0\"><\/stop><\/lineargradient><path fill=\"url(#a)\" d=\"M11 0H5a5 5 0 0 0-5 5v6a5 5 0 0 0 5 5h6a5 5 0 0 0 5-5V5a5 5 0 0 0-5-5zm3.5 11c0 1.93-1.57 3.5-3.5 3.5H5c-1.93 0-3.5-1.57-3.5-3.5V5c0-1.93 1.57-3.5 3.5-3.5h6c1.93 0 3.5 1.57 3.5 3.5v6z\"><\/path><lineargradient id=\"b\" x1=\"5.172\" x2=\"10.828\" y1=\"10.828\" y2=\"5.172\" gradientunits=\"userSpaceOnUse\"><stop offset=\"0\" stop-color=\"#FFC107\"><\/stop><stop offset=\".507\" stop-color=\"#F44336\"><\/stop><stop offset=\".99\" stop-color=\"#9C27B0\"><\/stop><\/lineargradient><path fill=\"url(#b)\" d=\"M8 4a4 4 0 1 0 0 8 4 4 0 0 0 0-8zm0 6.5A2.503 2.503 0 0 1 5.5 8c0-1.379 1.122-2.5 2.5-2.5s2.5 1.121 2.5 2.5c0 1.378-1.122 2.5-2.5 2.5z\"><\/path><lineargradient id=\"c\" x1=\"11.923\" x2=\"12.677\" y1=\"4.077\" y2=\"3.323\" gradientunits=\"userSpaceOnUse\"><stop offset=\"0\" stop-color=\"#FFC107\"><\/stop><stop offset=\".507\" stop-color=\"#F44336\"><\/stop><stop offset=\".99\" stop-color=\"#9C27B0\"><\/stop><\/lineargradient><circle cx=\"12.3\" cy=\"3.7\" r=\".533\" fill=\"url(#c)\"><\/circle><\/svg>\t\t\t\t\t<\/a>\n\t\t\t\t<\/span>\n\t\t\t\t\t<\/div>\n\t\t\t\t\t\t<\/div>\n\t\t\t\t<\/div>\n\t\t\t\t<div class=\"elementor-element elementor-element-bb03485 elementor-widget-divider--view-line elementor-widget elementor-widget-divider\" data-id=\"bb03485\" data-element_type=\"widget\" data-widget_type=\"divider.default\">\n\t\t\t\t<div class=\"elementor-widget-container\">\n\t\t\t\t\t\t\t<div class=\"elementor-divider\">\n\t\t\t<span class=\"elementor-divider-separator\">\n\t\t\t\t\t\t<\/span>\n\t\t<\/div>\n\t\t\t\t\t\t<\/div>\n\t\t\t\t<\/div>\n\t\t\t\t\t<\/div>\n\t\t\t\t<\/div>\n\t\t<div data-particle_enable=\"false\" data-particle-mobile-disabled=\"false\" class=\"elementor-element elementor-element-d5a9ac7 e-flex e-con-boxed e-con e-parent\" data-id=\"d5a9ac7\" data-element_type=\"container\">\n\t\t\t\t\t<div class=\"e-con-inner\">\n\t\t\t\t<div class=\"elementor-element elementor-element-476c40c elementor-widget elementor-widget-heading\" data-id=\"476c40c\" data-element_type=\"widget\" data-widget_type=\"heading.default\">\n\t\t\t\t<div class=\"elementor-widget-container\">\n\t\t\t\t\t<h2 class=\"elementor-heading-title elementor-size-default\">Sign up for our newsletter for more promotions<\/h2>\t\t\t\t<\/div>\n\t\t\t\t<\/div>\n\t\t\t\t\t<\/div>\n\t\t\t\t<\/div>\n\t\t<div data-particle_enable=\"false\" data-particle-mobile-disabled=\"false\" class=\"elementor-element elementor-element-c25493d e-flex e-con-boxed e-con e-parent\" data-id=\"c25493d\" data-element_type=\"container\">\n\t\t\t\t\t<div class=\"e-con-inner\">\n\t\t\t\t<div class=\"elementor-element elementor-element-2c6f4e6 fluent-form-widget-step-header-yes fluent-form-widget-step-progressbar-yes fluentform-widget-submit-button-custom elementor-widget elementor-widget-fluent-form-widget\" data-id=\"2c6f4e6\" data-element_type=\"widget\" data-widget_type=\"fluent-form-widget.default\">\n\t\t\t\t<div class=\"elementor-widget-container\">\n\t\t\t\t\t\n            <div class=\"fluentform-widget-wrapper fluentform-widget-align-default\">\n\n            \n            <div class='fluentform ff-default fluentform_wrapper_2 ffs_default_wrap'><form data-form_id=\"2\" id=\"fluentform_2\" class=\"frm-fluent-form fluent_form_2 ff-el-form-top ff_form_instance_2_1 ff-form-loading ffs_default\" data-form_instance=\"ff_form_instance_2_1\" method=\"POST\" action=\"\" ><fieldset  style=\"border: none!important;margin: 0!important;padding: 0!important;background-color: transparent!important;box-shadow: none!important;outline: none!important; min-inline-size: 100%;\">\n                    <legend class=\"ff_screen_reader_title\" style=\"display: block; margin: 0!important;padding: 0!important;height: 0!important;text-indent: -999999px;width: 0!important;overflow:hidden;\">Subscription Form<\/legend>        <div\n                style=\"display: none!important; position: absolute!important; transform: translateX(1000%)!important;\"\n                class=\"ff-el-group ff-hpsf-container\"\n        >\n            <div class=\"ff-el-input--label asterisk-right\">\n                <label for=\"ff_2_item_sf\" aria-label=\"Notify\">\n                    Notify                <\/label>\n            <\/div>\n            <div class=\"ff-el-input--content\">\n                <input type=\"text\"\n                       name=\"item_2__fluent_sf\"\n                       class=\"ff-el-form-control\"\n                       id=\"ff_2_item_sf\"\n                \/>\n            <\/div>\n        <\/div>\n        <input type='hidden' name='__fluent_form_embded_post_id' value='112' \/><input type=\"hidden\" id=\"_fluentform_2_fluentformnonce\" name=\"_fluentform_2_fluentformnonce\" value=\"78ee9d618c\" \/><input type=\"hidden\" name=\"_wp_http_referer\" value=\"\/en\/wp-json\/wp\/v2\/pages\/112\" \/><div data-name=\"ff_cn_id_1\"  class='ff-t-container ff-column-container ff_columns_total_2'><div class='ff-t-cell ff-t-column-1' style='flex-basis: 50%;'><div class='ff-el-group'><div class='ff-el-input--content'><input type=\"email\" name=\"email\" id=\"ff_2_email\" class=\"ff-el-form-control\" placeholder=\"E-mail c\u00edmed\" data-name=\"email\"  aria-invalid=\"false\" aria-required=\"true\"><\/div><\/div><\/div><div class='ff-t-cell ff-t-column-2' style='flex-basis: 50%;'><div class='ff-el-group ff-text-left ff_submit_btn_wrapper ff_submit_btn_wrapper_custom'><button class=\"ff-btn ff-btn-submit ff-btn-md ff_btn_style\" type=\"submit\" name=\"custom_submit_button-2_1\" data-name=\"custom_submit_button-2_1\" >Sign up!<\/button><style>form.fluent_form_2 .ff-btn-submit { background-color: #67C23A; color: #ffffff; }<\/style><\/div><\/div><\/div><\/fieldset><input type=\"hidden\" name=\"trp-form-language\" value=\"en\"\/><\/form><div id='fluentform_2_errors' class='ff-errors-in-stack ff_form_instance_2_1 ff-form-loading_errors ff_form_instance_2_1_errors'><\/div><\/div>        <script type=\"text\/javascript\">\n            window.fluent_form_ff_form_instance_2_1 = {\"id\":\"2\",\"settings\":{\"layout\":{\"labelPlacement\":\"top\",\"helpMessagePlacement\":\"with_label\",\"errorMessagePlacement\":\"inline\",\"asteriskPlacement\":\"asterisk-right\"},\"restrictions\":{\"denyEmptySubmission\":{\"enabled\":false}}},\"form_instance\":\"ff_form_instance_2_1\",\"form_id_selector\":\"fluentform_2\",\"rules\":{\"email\":{\"required\":{\"value\":true,\"message\":\"Ez a mez\\u0151 k\\u00f6telez\\u0151\",\"global\":false,\"global_message\":\"This field is required\"},\"email\":{\"value\":true,\"message\":\"Ennek a mez\\u0151nek \\u00e9rv\\u00e9nyes e-mail-c\\u00edmet kell tartalmaznia.\",\"global\":false,\"global_message\":\"This field must contain a valid email\"}}},\"debounce_time\":300};\n                    <\/script>\n                    <\/div>\n\n            \t\t\t\t<\/div>\n\t\t\t\t<\/div>\n\t\t\t\t\t<\/div>\n\t\t\t\t<\/div>\n\t\t<div data-particle_enable=\"false\" data-particle-mobile-disabled=\"false\" class=\"elementor-element elementor-element-b795adf e-flex e-con-boxed e-con e-parent\" data-id=\"b795adf\" data-element_type=\"container\">\n\t\t\t\t\t<div class=\"e-con-inner\">\n\t\t\t\t\t<\/div>\n\t\t\t\t<\/div>\n\t\t\t\t<\/div>","protected":false},"excerpt":{"rendered":"<p>El\u00e9rhet\u0151s\u00e9geink E-mail: info@temosod.hu Tel: +36 70 886 1668 E-mail: panaszkezeles@temosod.hu Munkaid\u0151 H-Sz 08:00-20:00\u00a0\u00a0 Vas\u00e1rnap 08:00- 16:00 L\u00e1togasd meg a Facebook, Instagram vagy TikTok oldalainkat is! Facebook Tov\u00e1bbi akci\u00f3k\u00e9rt iratkozz fel h\u00edrlevel\u00fcnkre Subscription Form Iratkozz fel<\/p>","protected":false},"author":1,"featured_media":0,"parent":0,"menu_order":0,"comment_status":"closed","ping_status":"closed","template":"elementor_header_footer","meta":{"_eb_attr":"","footnotes":""},"class_list":["post-112","page","type-page","status-publish"],"_links":{"self":[{"href":"https:\/\/temosod.hu\/en\/wp-json\/wp\/v2\/pages\/112"}],"collection":[{"href":"https:\/\/temosod.hu\/en\/wp-json\/wp\/v2\/pages"}],"about":[{"href":"https:\/\/temosod.hu\/en\/wp-json\/wp\/v2\/types\/page"}],"author":[{"embeddable":true,"href":"https:\/\/temosod.hu\/en\/wp-json\/wp\/v2\/users\/1"}],"replies":[{"embeddable":true,"href":"https:\/\/temosod.hu\/en\/wp-json\/wp\/v2\/comments?post=112"}],"version-history":[{"count":79,"href":"https:\/\/temosod.hu\/en\/wp-json\/wp\/v2\/pages\/112\/revisions"}],"predecessor-version":[{"id":2427,"href":"https:\/\/temosod.hu\/en\/wp-json\/wp\/v2\/pages\/112\/revisions\/2427"}],"wp:attachment":[{"href":"https:\/\/temosod.hu\/en\/wp-json\/wp\/v2\/media?parent=112"}],"curies":[{"name":"wp","href":"https:\/\/api.w.org\/{rel}","templated":true}]}}